{"id":9317,"date":"2016-07-31T20:05:51","date_gmt":"2016-07-31T16:05:51","guid":{"rendered":"http:\/\/www.ds-doha.de\/en\/administration-2\/jobs\/inklusionsfachkraft-teilzeitstelle-35-wstd\/"},"modified":"2016-07-31T20:05:51","modified_gmt":"2016-07-31T16:05:51","slug":"inklusionsfachkraft-teilzeitstelle-35-wstd","status":"publish","type":"page","link":"https:\/\/www.ds-doha.de\/en\/administration-2\/jobs\/inklusionsfachkraft-teilzeitstelle-35-wstd\/","title":{"rendered":"Inklusionsfachkraft Teilzeitstelle (35 WStd.)"},"content":{"rendered":"<h2>Stellenausschreibung<\/h2>\n<p>Die Deutsche Internationale Schule Doha ist eine von der Kultusministerkonferenz der L\u00e4nder anerkannte Auslandsschule, die zu einem mittleren Abschluss (10. Klasse) fu\u0308hrt. Sie wurde im Oktober 2008 als deutsche Privatschule gegru\u0308ndet und ist aktuell auf 300 Schu\u0308ler vom Kindergarten bis zur Sekundarstufe I angewachsen. Sie geh\u00f6rt zu den 140 Deutschen Auslandschulen, die vom Ausw\u00e4rtigen Amt und der Zentralstelle fu\u0308r das Auslandschulwesen gef\u00f6rdert werden.<\/p>\n<p><strong>Ihre Aufgaben<\/strong><\/p>\n<ul>\n<li>Einzelbetreuung und Einzelf\u00f6rderung von Schu\u0308lern mit Verst\u00e4ndnisschwierigkeiten, emotional-sozialen Defiziten oder motorischen Einschr\u00e4nkungen sowie bei der Bew\u00e4ltigung lebenspraktischer Aufgaben<\/li>\n<li>Umsetzung von gestalterischen Aufgaben und Vorlesevorhaben<\/li>\n<li>Mitwirkung bei der Planung, Organisation und Durchfu\u0308hrung besonderer Unterrichtsvorhaben, Festen, Feiern und Ausflu\u0308gen<\/li>\n<li>\u00dcbernahme der n\u00e4chtlichen Betreuung w\u00e4hrend einer Schulu\u0308bernachtung der Klasse<\/li>\n<li>\u00dcbernahme von Vertretungen nach Absprache mit dem Klassenlehrer<\/li>\n<li>Aktive Teilnahme an regelm\u00e4\u00dfigen Teambesprechungen<\/li>\n<li>P\u00e4dagogisches Mitwirken im Bereich des Schullebens au\u00dferhalb des Unterrichts<\/li>\n<\/ul>\n<p><strong>Ihr Profil<\/strong><\/p>\n<ul>\n<li>Entsprechende Ausbildung<\/li>\n<li>Sehr gute Englischkenntnisse, Deutschkenntnisse von Vorteil<\/li>\n<li>Erfahrungen in \u00e4hnlicher Position von Vorteil<\/li>\n<li>Teamf\u00e4higkeit und Kooperationsbereitschaft<\/li>\n<li>Verantwortungsbewusstsein<\/li>\n<li>Belastbarkeit und Flexibilit\u00e4t<\/li>\n<li>Interkulturelle Kompetenz<\/li>\n<li>Wille zur Weiterbildung<\/li>\n<li>Bereits in Doha wohnhaft unter Sponsorship des Ehepartners<\/li>\n<\/ul>\n<p><strong>Arbeitsbeginn<\/strong>: 01.08.2016<\/p>\n<p><strong>Bewerbungsverfahren<br \/>\n<\/strong>Bitte senden Sie bis sp\u00e4testens 14.06.2016 Ihre vollst\u00e4ndigen Bewerbungsunterlagen (Anschreiben, Lebenslauf mit Lichtbild, Zeugnisse) per E-Mail an <a href=\"mailto:hr@ds-doha.de\" target=\"_blank\">hr@ds-doha.de<\/a>, Frau Gu\u0308n-Abusultan<\/p>\n<p>31.05.2016<\/p>\n","protected":false},"excerpt":{"rendered":"<p>Stellenausschreibung Die Deutsche Internationale Schule Doha ist eine von der Kultusministerkonferenz der L\u00e4nder anerkannte Auslandsschule, die zu einem mittleren Abschluss (10. Klasse) fu\u0308hrt. Sie wurde im Oktober 2008 als deutsche Privatschule gegru\u0308ndet und ist aktuell auf 300 Schu\u0308ler vom Kindergarten bis zur Sekundarstufe I angewachsen. Sie geh\u00f6rt zu den 140 Deutschen Auslandschulen, die vom Ausw\u00e4rtigen [&hellip;]<\/p>\n","protected":false},"author":2,"featured_media":0,"parent":9256,"menu_order":0,"comment_status":"closed","ping_status":"closed","template":"","meta":{"_genesis_hide_title":false,"_genesis_hide_breadcrumbs":false,"_genesis_hide_singular_image":false,"_genesis_hide_footer_widgets":false,"_genesis_custom_body_class":"","_genesis_custom_post_class":"","_genesis_layout":"","ngg_post_thumbnail":0,"footnotes":""},"class_list":{"0":"post-9317","1":"page","2":"type-page","3":"status-publish","5":"entry"},"_links":{"self":[{"href":"https:\/\/www.ds-doha.de\/en\/wp-json\/wp\/v2\/pages\/9317","targetHints":{"allow":["GET"]}}],"collection":[{"href":"https:\/\/www.ds-doha.de\/en\/wp-json\/wp\/v2\/pages"}],"about":[{"href":"https:\/\/www.ds-doha.de\/en\/wp-json\/wp\/v2\/types\/page"}],"author":[{"embeddable":true,"href":"https:\/\/www.ds-doha.de\/en\/wp-json\/wp\/v2\/users\/2"}],"replies":[{"embeddable":true,"href":"https:\/\/www.ds-doha.de\/en\/wp-json\/wp\/v2\/comments?post=9317"}],"version-history":[{"count":0,"href":"https:\/\/www.ds-doha.de\/en\/wp-json\/wp\/v2\/pages\/9317\/revisions"}],"up":[{"embeddable":true,"href":"https:\/\/www.ds-doha.de\/en\/wp-json\/wp\/v2\/pages\/9256"}],"wp:attachment":[{"href":"https:\/\/www.ds-doha.de\/en\/wp-json\/wp\/v2\/media?parent=9317"}],"curies":[{"name":"wp","href":"https:\/\/api.w.org\/{rel}","templated":true}]}}