{"id":27326,"date":"2021-05-09T12:08:00","date_gmt":"2021-05-09T09:08:00","guid":{"rendered":"https:\/\/www.ds-doha.de\/?page_id=27326"},"modified":"2021-06-22T09:49:27","modified_gmt":"2021-06-22T06:49:27","slug":"olk-fuer-grundschule-und-sekundarstufe","status":"publish","type":"page","link":"https:\/\/www.ds-doha.de\/en\/olk-fuer-grundschule-und-sekundarstufe\/","title":{"rendered":"OLK f\u00fcr Grundschule und Sekundarstufe"},"content":{"rendered":"<p><span style=\"color: #ff0000;\"><strong><em>Please note: Most of our job offers are in the German Language, because they require German language knowledge<\/em><\/strong><\/span><\/p>\n<p><strong>Zur Verst\u00e4rkung unseres Teams suchen wir Ortslehrkr\u00e4fte f\u00fcr die Grundschule und <\/strong><strong>Sekundarstufe<\/strong><br \/>\nDie Deutsche Internationale Schule Doha wurde im Oktober 2008 mit 28 Sch\u00fclerinnen und Sch\u00fclern als deutsche Privatschule gegr\u00fcndet. Mit ihrer p\u00e4dagogischen und akademischen Qualit\u00e4t sowie ihrem multikulturellen Profil ist die Deutsche Internationale Schule Doha heute eine der herausragenden Bildungseinrichtungen des Landes Katar. 295 Kinder und Jugendliche werden hier derzeit unterrichtet.<br \/>\nDie Deutsche Internationale Schule Doha umfasst Kindergarten, Grundschule, Sekundarstufe I und erm\u00f6glicht den Abschluss des Gemischtsprachigen International Baccalaureate\u00ae (GIB\u00ae). Sie geh\u00f6rt zum Netzwerk der 140 Deutschen Auslandsschulen (DAS), die von der Zentralstelle f\u00fcr das Auslandsschulwesen (ZfA) des Bundesverwaltungsamtes im Auftrag des Ausw\u00e4rtigen Amtes gef\u00f6rdert werden und wurde 2018 mit dem G\u00fctesiegel \u201cExzellente Deutsche Auslandsschule\u201c ausgezeichnet.<br \/>\nAuf die Begegnung der Kulturen, die Mehrsprachigkeit der Sch\u00fclerinnen und Sch\u00fcler sowie deren individuelle F\u00f6rderung legen wir besonderen Wert.<\/p>\n<p><strong>T\u00e4tigkeitsprofil u.a.<\/strong><\/p>\n<ul>\n<li>Durchf\u00fchrung von Fachunterricht, ggf. Klassenleitung mit den \u00fcblichen damit verbundenen Anforderungen<\/li>\n<li>Besondere Verantwortung f\u00fcr die p\u00e4dagogischen und sozialen Belange der Sch\u00fclerinnen und Sch\u00fcler der Klasse<\/li>\n<li>Konzeption, Durchf\u00fchrung und Korrektur von Lernerfolgskontrollen und Pr\u00fcfungen<\/li>\n<li>Leistungsbewertung von Sch\u00fclerinnen und Sch\u00fclern<\/li>\n<li>Durchf\u00fchrung von Elternabenden<\/li>\n<li>Mitwirkung bei der Repr\u00e4sentation der Schule nach au\u00dfen<\/li>\n<li>Berichterstattung an die Schulleitung<\/li>\n<li>Austausch mit den Lehrkr\u00e4ften der Mittelstufe\/Grundschule sowie Fachschaften sowie gegenseitige Absprachen<\/li>\n<li>Initiierung von Lernf\u00f6rderung von Sch\u00fclerinnen und Sch\u00fclern<\/li>\n<li>Leitung von Klassenkonferenzen<\/li>\n<li>Mitwirkung und Teilnahme bei Schulveranstaltungen aller Art<\/li>\n<li>Zuarbeit bei der Erstellung von Zeugnissen<\/li>\n<li>Teilnahme an Konferenzen<\/li>\n<li>\u00dcbernahme von Vertretungsunterricht<\/li>\n<li>Beratung von Sch\u00fclerinnen und Sch\u00fclern sowie Eltern \u00fcber die Schullaufbahn<\/li>\n<li>Durchf\u00fchrung von Aufsicht<\/li>\n<li>auch fachfremder Einsatz m\u00f6glich<\/li>\n<\/ul>\n<p><strong>Anforderungsprofil<\/strong><\/p>\n<ul>\n<li>Lehrbef\u00e4higung f\u00fcr die Grundschule oder Sekundarstufe I (2. Staatsexamen \/ Master mit Referendariat)<\/li>\n<li>Nachweis von einschl\u00e4gigen Fortbildungen erforderlich<\/li>\n<li>gute Englischkenntnisse in Wort und Schrift<\/li>\n<li>interkulturelle Kompetenz<\/li>\n<li>Teamf\u00e4higkeit, Kooperationsbereitschaft und Konfliktf\u00e4higkeit<\/li>\n<li>\u00dcberdurchschnittliches Engagement, auch \u00fcber die Schulzeit hinaus<\/li>\n<li>\u00dcbernahme von fachfremdem Unterricht bei Bedarf ist selbstverst\u00e4ndlich<\/li>\n<li>Verantwortungsbewusstsein und Belastbarkeit<\/li>\n<li>IB-Ausbildung von Vorteil<\/li>\n<li>DaF-Kenntnisse von Vorteil, DFU- Sensibilit\u00e4t vorausgesetzt<\/li>\n<\/ul>\n<p><strong>Wir bieten<\/strong><\/p>\n<ul>\n<li>Arbeitsumfeld mit hohem Entwicklungspotenzial und Gestaltungsm\u00f6glichkeiten<\/li>\n<\/ul>\n<p>Die Schule befindet sich in der Hauptstadt Doha, in der sich die multikulturelle Moderne mit traditioneller arabischer Lebensweise auf angenehme Weise verbinden.<\/p>\n<p><strong>Arbeitsbeginn:<\/strong> voraussichtlich 17.08.2021<\/p>\n<p><strong>Bewerbungsverfahren<\/strong><br \/>\nBitte senden Sie bis sp\u00e4testens 08.06.2021. Ihre vollst\u00e4ndigen Bewerbungsunterlagen (Anschreiben, Lebenslauf mit Lichtbild, Zeugnisse) per E-Mail an <a href=\"mailto:application@ds-doha.de\" target=\"_blank\" rel=\"noopener\">application@ds-doha.de<\/a>.<\/p>\n","protected":false},"excerpt":{"rendered":"<p>Please note: Most of our job offers are in the German Language, because they require German language knowledge Zur Verst\u00e4rkung unseres Teams suchen wir Ortslehrkr\u00e4fte f\u00fcr die Grundschule und Sekundarstufe Die Deutsche Internationale Schule Doha wurde im Oktober 2008 mit 28 Sch\u00fclerinnen und Sch\u00fclern als deutsche Privatschule gegr\u00fcndet. Mit ihrer p\u00e4dagogischen und akademischen Qualit\u00e4t sowie [&hellip;]<\/p>\n","protected":false},"author":22,"featured_media":27334,"parent":0,"menu_order":0,"comment_status":"closed","ping_status":"closed","template":"","meta":{"_genesis_hide_title":false,"_genesis_hide_breadcrumbs":false,"_genesis_hide_singular_image":false,"_genesis_hide_footer_widgets":false,"_genesis_custom_body_class":"","_genesis_custom_post_class":"","_genesis_layout":"","ngg_post_thumbnail":0,"footnotes":""},"class_list":{"0":"post-27326","1":"page","2":"type-page","3":"status-publish","4":"has-post-thumbnail","6":"entry"},"_links":{"self":[{"href":"https:\/\/www.ds-doha.de\/en\/wp-json\/wp\/v2\/pages\/27326","targetHints":{"allow":["GET"]}}],"collection":[{"href":"https:\/\/www.ds-doha.de\/en\/wp-json\/wp\/v2\/pages"}],"about":[{"href":"https:\/\/www.ds-doha.de\/en\/wp-json\/wp\/v2\/types\/page"}],"author":[{"embeddable":true,"href":"https:\/\/www.ds-doha.de\/en\/wp-json\/wp\/v2\/users\/22"}],"replies":[{"embeddable":true,"href":"https:\/\/www.ds-doha.de\/en\/wp-json\/wp\/v2\/comments?post=27326"}],"version-history":[{"count":4,"href":"https:\/\/www.ds-doha.de\/en\/wp-json\/wp\/v2\/pages\/27326\/revisions"}],"predecessor-version":[{"id":27671,"href":"https:\/\/www.ds-doha.de\/en\/wp-json\/wp\/v2\/pages\/27326\/revisions\/27671"}],"wp:featuredmedia":[{"embeddable":true,"href":"https:\/\/www.ds-doha.de\/en\/wp-json\/wp\/v2\/media\/27334"}],"wp:attachment":[{"href":"https:\/\/www.ds-doha.de\/en\/wp-json\/wp\/v2\/media?parent=27326"}],"curies":[{"name":"wp","href":"https:\/\/api.w.org\/{rel}","templated":true}]}}