{"id":26252,"date":"2020-10-11T18:19:13","date_gmt":"2020-10-11T15:19:13","guid":{"rendered":"https:\/\/www.ds-doha.de\/?page_id=26252"},"modified":"2020-10-12T08:24:22","modified_gmt":"2020-10-12T05:24:22","slug":"kindergartenleitung-gesucht","status":"publish","type":"page","link":"https:\/\/www.ds-doha.de\/en\/kindergartenleitung-gesucht\/","title":{"rendered":"Stellenausschreibung Kindergartenleitung"},"content":{"rendered":"<p><span style=\"color: #ff0000;\"><em>Please note: Most of our job offers are in the German Language, because they require German language knowledge<\/em><\/span><\/p>\n<p>Die Deutsche Internationale Schule Doha wurde im Oktober 2008 mit 28 Schu\u0308lerinnen und Schu\u0308lern als deutsche Privatschule gegru\u0308ndet. Mit ihrer p\u00e4dagogischen und akademischen Qualit\u00e4t sowie ihrem multikulturellen Profil ist die Deutsche Internationale Schule Doha heute eine der herausragenden Bildungseinrichtungen des Landes Katar. 295 Kinder und Jugendliche werden hier derzeit unterrichtet, davon 75 im Kindergarten.<br \/>\nDie Deutsche Internationale Schule Doha umfasst Kindergarten, Grundschule, Sekundarstufe I und Sekundarstufe II, mit dem Abschluss des Gemischtsprachigen International Baccalaureate\u00ae (GIB\u00ae). Sie geh\u00f6rt zum Netzwerk der 140 Deutschen Auslandsschulen (DAS), die von der Zentralstelle fu\u0308r das Auslandsschulwesen (ZfA) des Bundesverwaltungsamtes im Auftrag des Ausw\u00e4rtigen Amtes gef\u00f6rdert werden und wurde 2018 mit dem Gu\u0308tesiegel \u201cExzellente Deutsche Auslandsschule\u201c ausgezeichnet.<br \/>\nAuf die Begegnung der Kulturen, die Mehrsprachigkeit der Schu\u0308lerinnen und Schu\u0308ler sowie deren individuelle F\u00f6rderung wird besonderer Wert gelegt.<\/p>\n<p><strong>T\u00e4tigkeitsprofil<\/strong><\/p>\n<ul>\n<li>Koordination der Zusammenarbeit der Grundschule und des Kindergartens<\/li>\n<li>Beratung der Schulleitung und der Erzieher bei der p\u00e4dagogischen und organisatorischen<\/li>\n<\/ul>\n<p><strong>Gestaltung des Kindergartens<\/strong><\/p>\n<ul>\n<li>Fachliche und disziplinarische Fu\u0308hrung der Mitarbeiter<\/li>\n<li>Zusammenarbeit mit dem Vorstand<\/li>\n<li>\u00d6ffentlichkeitsarbeit<\/li>\n<li>Zusammenarbeit mit den Eltern bzw. Elternbeirat<\/li>\n<li>Kenntnisse der effektiven Mittelbewirtschaftung in Verbindung mit der Verwaltungsleitung<\/li>\n<li>Allgemeine Organisations- und Informationsaufgaben<\/li>\n<li>Fortentwicklung des Kindergartenkonzepts unter besonderer Beru\u0308cksichtigung des Deutschen Spracherwerbs<\/li>\n<li>Auswahl von Mitarbeiterinnen und Mitarbeiter im Zusammenarbeit mit der Schulleitung und dem Vorstand<\/li>\n<\/ul>\n<p><strong>Anforderungsprofil<\/strong><\/p>\n<ul>\n<li>p\u00e4dagogische Ausbildung: Diplom in Sozialp\u00e4dagogik, P\u00e4dagogik der fru\u0308hen Kindheit (Bachelor), Erzieher mit entsprechender Zusatzqualifikation<\/li>\n<li>Erfahrung mit bilingualen Konzepten<\/li>\n<li>Analyse- und Strukturf\u00e4higkeit<\/li>\n<li>hohe Sozial- und Kommunikationskompetenz, Konfliktf\u00e4higkeit<\/li>\n<li>selbstst\u00e4ndiges, verantwortungsvolles und l\u00f6sungsorientiertes Arbeiten<\/li>\n<li>Teamf\u00e4higkeit und Kooperationsbereitschaft<\/li>\n<li>hohes Ma\u00df an Eigeninitiative<\/li>\n<li>Belastbarkeit, Flexibilit\u00e4t und Organisationsgeschick<\/li>\n<li>gute bis sehr gute Englischkenntnisse<\/li>\n<li>Offenheit fu\u0308r neue Anforderungen<\/li>\n<li>Kindergartenleitungs- und Auslandserfahrung von Vorteil<\/li>\n<\/ul>\n<p><strong>Wir bieten<\/strong><\/p>\n<ul>\n<li>Arbeitsumfeld mit Entwicklungspotenzial und Gestaltungsm\u00f6glichkeiten<\/li>\n<li>Arbeit in u\u0308berschaubaren Klassen mit einem motivierten und freundlichen Team<\/li>\n<li>M\u00f6glichkeit auf eigene Kosten zu schnuppern<\/li>\n<\/ul>\n<p>Die Schule befindet sich in der Hauptstadt Doha, in der sich die multikulturelle Moderne mit traditioneller arabischer Lebensweise auf angenehme Weise verbinden.<\/p>\n<p><strong>Arbeitsbeginn:<\/strong> voraussichtlich Ende August 2021<\/p>\n<p><strong>Bewerbungsverfahren<\/strong><br \/>\nBitte senden Sie <strong>bis sp\u00e4testens 15.11.2020<\/strong>. Ihre vollst\u00e4ndigen Bewerbungsunterlagen (Anschreiben, Lebenslauf mit Lichtbild, Zeugnisse) per E-Mail an <a href=\"mailto:application@ds-doha.de\">application@ds-doha.de<\/a>.<br \/>\nWeitere Informationen zur Deutschen Internationalen Schule Doha finden Sie hier auf unserer Website.<\/p>\n<p>&nbsp;<\/p>\n","protected":false},"excerpt":{"rendered":"<p>Please note: Most of our job offers are in the German Language, because they require German language knowledge Die Deutsche Internationale Schule Doha wurde im Oktober 2008 mit 28 Schu\u0308lerinnen und Schu\u0308lern als deutsche Privatschule gegru\u0308ndet. Mit ihrer p\u00e4dagogischen und akademischen Qualit\u00e4t sowie ihrem multikulturellen Profil ist die Deutsche Internationale Schule Doha heute eine der [&hellip;]<\/p>\n","protected":false},"author":22,"featured_media":26257,"parent":0,"menu_order":0,"comment_status":"closed","ping_status":"closed","template":"","meta":{"_genesis_hide_title":false,"_genesis_hide_breadcrumbs":false,"_genesis_hide_singular_image":false,"_genesis_hide_footer_widgets":false,"_genesis_custom_body_class":"","_genesis_custom_post_class":"","_genesis_layout":"","ngg_post_thumbnail":0,"footnotes":""},"class_list":{"0":"post-26252","1":"page","2":"type-page","3":"status-publish","4":"has-post-thumbnail","6":"entry"},"_links":{"self":[{"href":"https:\/\/www.ds-doha.de\/en\/wp-json\/wp\/v2\/pages\/26252","targetHints":{"allow":["GET"]}}],"collection":[{"href":"https:\/\/www.ds-doha.de\/en\/wp-json\/wp\/v2\/pages"}],"about":[{"href":"https:\/\/www.ds-doha.de\/en\/wp-json\/wp\/v2\/types\/page"}],"author":[{"embeddable":true,"href":"https:\/\/www.ds-doha.de\/en\/wp-json\/wp\/v2\/users\/22"}],"replies":[{"embeddable":true,"href":"https:\/\/www.ds-doha.de\/en\/wp-json\/wp\/v2\/comments?post=26252"}],"version-history":[{"count":3,"href":"https:\/\/www.ds-doha.de\/en\/wp-json\/wp\/v2\/pages\/26252\/revisions"}],"predecessor-version":[{"id":26268,"href":"https:\/\/www.ds-doha.de\/en\/wp-json\/wp\/v2\/pages\/26252\/revisions\/26268"}],"wp:featuredmedia":[{"embeddable":true,"href":"https:\/\/www.ds-doha.de\/en\/wp-json\/wp\/v2\/media\/26257"}],"wp:attachment":[{"href":"https:\/\/www.ds-doha.de\/en\/wp-json\/wp\/v2\/media?parent=26252"}],"curies":[{"name":"wp","href":"https:\/\/api.w.org\/{rel}","templated":true}]}}