{"id":26054,"date":"2020-06-09T15:07:11","date_gmt":"2020-06-09T12:07:11","guid":{"rendered":"https:\/\/www.ds-doha.de\/?page_id=26054"},"modified":"2020-06-25T09:03:51","modified_gmt":"2020-06-25T06:03:51","slug":"ortslehrkraefte-fuer-die-grundschule","status":"publish","type":"page","link":"https:\/\/www.ds-doha.de\/en\/ortslehrkraefte-fuer-die-grundschule\/","title":{"rendered":"Ortslehrkr\u00e4fte f\u00fcr die Grundschule"},"content":{"rendered":"<p><span style=\"color: #ff0000;\"><em>Please note: Most of our job offers are in the German Language, because they require German language knowledge<\/em><\/span><\/p>\n<p><strong>Zur Erweiterung des Bewerberkreises suchen wir Ortslehrkr\u00e4fte f\u00fcr<\/strong><br \/>\n<strong>die Grundschule<\/strong><\/p>\n<p>Die Deutsche Internationale Schule Doha wurde im Oktober 2008 mit 28 Sch\u00fclerinnen und Sch\u00fclern als deutsche Privatschule gegr\u00fcndet. Mit ihrer p\u00e4dagogischen und akademischen Qualit\u00e4t sowie ihrem multikulturellen Profil ist die Deutsche Internationale Schule Doha heute eine der herausragenden Bildungseinrichtungen des Landes Katar. 350 Kinder und Jugendliche werden hier derzeit unterrichtet.<br \/>\nDie Deutsche Internationale Schule Doha umfasst Kindergarten, Grundschule, Sekundarstufe I und erm\u00f6glicht den Abschluss des Gemischtsprachigen International Baccalaureate\u00ae (GIB\u00ae). Sie geh\u00f6rt zum Netzwerk der 140 Deutschen Auslandsschulen (DAS), die von der Zentralstelle f\u00fcr das Auslandsschulwesen (ZfA) des Bundesverwaltungsamtes im Auftrag des Ausw\u00e4rtigen Amtes gef\u00f6rdert werden und wurde 2018 mit dem G\u00fctesiegel \u201cExzellente Deutsche Auslandsschule\u201c ausgezeichnet.<\/p>\n<p>Auf die Begegnung der Kulturen, die Mehrsprachigkeit der Sch\u00fclerinnen und Sch\u00fcler sowie deren individuelle F\u00f6rderung legen wir besonderen Wert.<\/p>\n<p><strong>T\u00e4tigkeitsprofil<\/strong><\/p>\n<ul>\n<li>Vorbereitung, Durchf\u00fchrung und Nachbereitung von Fachunterricht<\/li>\n<li>ggf. Klassenlehrert\u00e4tigkeit mit den \u00fcblichen damit verbundenen Aufgaben, dann besondere Verantwortung f\u00fcr die p\u00e4dagogischen als auch sozialen Belange der Sch\u00fclerinnen und Sch\u00fcler der eigenen Klasse<\/li>\n<li>Leistungsbewertung von Sch\u00fclern<\/li>\n<li>Anwesenheit und Durchf\u00fchrung von Elternabenden<\/li>\n<li>Mitwirkung bei der Repr\u00e4sentation der Schule nach au\u00dfen<\/li>\n<li>Austausch mit den Lehrkr\u00e4ften der Mittelstufe\/Grundschule und Fachschaften sowie gegenseitige Absprachen<\/li>\n<li>Initiierung und Begleitung von Lernf\u00f6rderung von Sch\u00fclern<\/li>\n<li>Leitung von Klassenkonferenzen<\/li>\n<li>Mitwirkung und Teilnahme bei Schulveranstaltungen aller Art<\/li>\n<li>Zuarbeit zur Erstellung der Zeugnisse<\/li>\n<li>Teilnahme an Konferenzen<\/li>\n<li>\u00dcbernahme von Vertretungsunterricht<\/li>\n<li>Beratung von Eltern \u00fcber Schullaufbahnentscheidungen<\/li>\n<li>Erstellung und Korrektur von Lernerfolgskontrollen<\/li>\n<li>Durchf\u00fchrung von Aufsicht<\/li>\n<\/ul>\n<p><strong>Anforderungsprofil<\/strong><\/p>\n<ul>\n<li>Lehrbef\u00e4higung f\u00fcr die Grundschule (2. Staatsexamen \/ Master mit Referendariat)<\/li>\n<li>Verst\u00e4ndnis f\u00fcr die Sch\u00fclerinnen und Sch\u00fcler dieser Altersstufe und professioneller Umgang mit deren<\/li>\n<li>Bed\u00fcrfnissen<\/li>\n<li>Nachweis von einschl\u00e4gigen Fortbildungen erforderlich, insbesondere DFU<\/li>\n<li>gute Englischkenntnisse in Wort und Schrift<\/li>\n<li>interkulturelle Kompetenz<\/li>\n<li>Teamf\u00e4higkeit, Kooperationsbereitschaft und Konfliktf\u00e4higkeit<\/li>\n<li>\u00dcberdurchschnittliches Engagement, auch \u00fcber die Schulzeit hinaus<\/li>\n<li>\u00dcbernahme von fachfremden Unterricht bei Bedarf ist selbstverst\u00e4ndlich<\/li>\n<li>Verantwortungsbewusstsein und Belastbarkeit<\/li>\n<li>DaF-Kenntnisse von Vorteil<\/li>\n<\/ul>\n<p><strong>Wir bieten<\/strong><\/p>\n<ul>\n<li>Arbeitsumfeld mit hohem Entwicklungspotenzial und Gestaltungsm\u00f6glichkeiten<\/li>\n<li>Arbeit in \u00fcberschaubaren Klassen mit einem motivierten und freundlichen Team<\/li>\n<li>M\u00f6glichkeit auf eigene Kosten zu schnuppern<\/li>\n<\/ul>\n<p>Die Schule befindet sich in der Hauptstadt Doha, in der sich die multikulturelle Moderne mit traditioneller arabischer Lebensweise auf angenehme Weise verbinden.<\/p>\n<p><strong>Arbeitsbeginn:<\/strong> nach Vereinbarung<\/p>\n<p><strong>Bewerbungsverfahren<\/strong><br \/>\nBitte senden Sie bis sp\u00e4testens 31.7.2020. Ihre vollst\u00e4ndigen Bewerbungsunterlagen (Anschreiben, Lebenslauf mit Lichtbild, Zeugnisse) per E-Mail an <a href=\"mailto:application@ds-doha.de\">application@ds-doha.de<\/a>.<br \/>\nWeitere Informationen zur Deutschen Schule finden Sie auf dieser Website.<\/p>\n","protected":false},"excerpt":{"rendered":"<p>Please note: Most of our job offers are in the German Language, because they require German language knowledge Zur Erweiterung des Bewerberkreises suchen wir Ortslehrkr\u00e4fte f\u00fcr die Grundschule Die Deutsche Internationale Schule Doha wurde im Oktober 2008 mit 28 Sch\u00fclerinnen und Sch\u00fclern als deutsche Privatschule gegr\u00fcndet. Mit ihrer p\u00e4dagogischen und akademischen Qualit\u00e4t sowie ihrem multikulturellen [&hellip;]<\/p>\n","protected":false},"author":22,"featured_media":26056,"parent":0,"menu_order":0,"comment_status":"closed","ping_status":"closed","template":"","meta":{"_genesis_hide_title":false,"_genesis_hide_breadcrumbs":false,"_genesis_hide_singular_image":false,"_genesis_hide_footer_widgets":false,"_genesis_custom_body_class":"","_genesis_custom_post_class":"","_genesis_layout":"","ngg_post_thumbnail":0,"footnotes":""},"class_list":{"0":"post-26054","1":"page","2":"type-page","3":"status-publish","4":"has-post-thumbnail","6":"entry"},"_links":{"self":[{"href":"https:\/\/www.ds-doha.de\/en\/wp-json\/wp\/v2\/pages\/26054","targetHints":{"allow":["GET"]}}],"collection":[{"href":"https:\/\/www.ds-doha.de\/en\/wp-json\/wp\/v2\/pages"}],"about":[{"href":"https:\/\/www.ds-doha.de\/en\/wp-json\/wp\/v2\/types\/page"}],"author":[{"embeddable":true,"href":"https:\/\/www.ds-doha.de\/en\/wp-json\/wp\/v2\/users\/22"}],"replies":[{"embeddable":true,"href":"https:\/\/www.ds-doha.de\/en\/wp-json\/wp\/v2\/comments?post=26054"}],"version-history":[{"count":2,"href":"https:\/\/www.ds-doha.de\/en\/wp-json\/wp\/v2\/pages\/26054\/revisions"}],"predecessor-version":[{"id":26119,"href":"https:\/\/www.ds-doha.de\/en\/wp-json\/wp\/v2\/pages\/26054\/revisions\/26119"}],"wp:featuredmedia":[{"embeddable":true,"href":"https:\/\/www.ds-doha.de\/en\/wp-json\/wp\/v2\/media\/26056"}],"wp:attachment":[{"href":"https:\/\/www.ds-doha.de\/en\/wp-json\/wp\/v2\/media?parent=26054"}],"curies":[{"name":"wp","href":"https:\/\/api.w.org\/{rel}","templated":true}]}}