{"id":25882,"date":"2020-04-30T10:29:48","date_gmt":"2020-04-30T07:29:48","guid":{"rendered":"https:\/\/www.ds-doha.de\/?page_id=25882"},"modified":"2020-04-30T10:29:48","modified_gmt":"2020-04-30T07:29:48","slug":"schulsozialarbeiter-in","status":"publish","type":"page","link":"https:\/\/www.ds-doha.de\/en\/schulsozialarbeiter-in\/","title":{"rendered":"Schulsozialarbeiter\/in"},"content":{"rendered":"<p><span style=\"color: #ff0000;\"><em>Please note: Most of our job offers are in the German Language, because they require German language knowledge<\/em><\/span><\/p>\n<p><strong>Stellenausschreibung Schulsozialarbeiter\/in<\/strong><\/p>\n<p>Die Deutsche Internationale Schule Doha wurde im Oktober 2008 mit 28 Sch\u00fclerinnen und Sch\u00fclern als deutsche Privatschule gegr\u00fcndet. Mit ihrer p\u00e4dagogischen und akademischen Qualit\u00e4t sowie ihrem multikulturellen Profil ist die Deutsche Internationale Schule Doha heute einer der herausragenden Bildungseinrichtungen des Landes Katar. 350 Kinder und Jugendliche werden hier derzeit unterrichtet.<\/p>\n<p>Die Deutsche Internationale Schule Doha umfasst Kindergarten, Grundschule, Sekundarstufe I und Sekundarstufe II, mit dem Abschluss des Gemischtsprachigen International Baccalaureate\u00ae (GIB\u00ae). Sie geh\u00f6rt zum Netzwerk der 140 Deutschen Auslandsschulen (DAS), die von der Zentralstelle f\u00fcr das Auslandsschulwesen (ZfA) des Bundesverwaltungsamtes im Auftrag des Ausw\u00e4rtigen Amtes gef\u00f6rdert werden und wurde 2018 mit dem G\u00fctesiegel \u201cExzellente Deutsche Auslandsschule\u201c ausgezeichnet. Auf die Begegnung der Kulturen, die Mehrsprachigkeit der Sch\u00fclerinnen und Sch\u00fcler sowie deren individuelle F\u00f6rderung wird besonderer Wert gelegt.<\/p>\n<p><strong>T\u00e4tigkeitsprofil<\/strong><\/p>\n<ul>\n<li>sozialp\u00e4dagogische Beratung von Sch\u00fclerinnen und Sch\u00fclern mit sozial-emotionalen Problemen und in Konfliktsituationen, Unterst\u00fctzung des schuleigenen Lotsensystems<\/li>\n<li>Erstellen und Fortschreiben von Konzeptionen<\/li>\n<li>sozialp\u00e4dagogische Kleingruppenarbeit, Einzelcoaching, Begleitung im Unterricht<\/li>\n<li>Partizipation und Mitarbeit in sozialp\u00e4dagogischen Gremien, im F\u00f6rdernetz der Schule<\/li>\n<li>Elternarbeit\/ Elternberatung<\/li>\n<li>Mitarbeit bei Diagnostik<\/li>\n<\/ul>\n<p><strong>Anforderungsprofil<\/strong><\/p>\n<ul>\n<li>abgeschlossenes Studium im Bereich Soziale Arbeit (B.A., M.A. oder Diplom) mit der staatlichen Anerkennung zum\/zur Sozialarbeiter\/-in oder Sozialp\u00e4dagogen\/-in<\/li>\n<li>Freude an selbst\u00e4ndiger, ergebnisorientierter Arbeit<\/li>\n<li>Einf\u00fchlungsverm\u00f6gen im Umgang mit Menschen, insbesondere Kindern und Jugendlichen und deren Konflikten<\/li>\n<li>sicheres Auftreten, gutes Entscheidungsverhalten, Sachlichkeit und Durchsetzungsverm\u00f6gen<\/li>\n<li>Teamf\u00e4higkeit und Flexibilit\u00e4t<\/li>\n<li>Verhandlungsgeschick und Konfliktf\u00e4higkeit<\/li>\n<li>starke psychische Belastbarkeit im Umgang mit Stresssituationen und unter den Rahmenbedingungen des Gastlandes<\/li>\n<\/ul>\n<p><strong>Wir bieten<\/strong><\/p>\n<ul>\n<li>Arbeitsumfeld mit hohem Entwicklungspotenzial und Gestaltungsm\u00f6glichkeiten<\/li>\n<li>Arbeit in \u00fcberschaubaren Klassen mit einem motivierten und freundlichen Team<\/li>\n<li>M\u00f6glichkeit auf eigene Kosten zu schnuppern<\/li>\n<\/ul>\n<p>Die Schule befindet sich in der Hauptstadt Doha, in der sich die multikulturelle Moderne mit traditioneller arabischer Lebensweise auf angenehme Weise verbinden.<\/p>\n<p><strong>Arbeitsbeginn<\/strong>: voraussichtlich 18.08.2020<\/p>\n<p><strong>Bewerbungsverfahren<\/strong><br \/>\nBitte senden Sie bis sp\u00e4testens <strong>28.05.2020<\/strong>. Ihre vollst\u00e4ndigen Bewerbungsunterlagen (Anschreiben, Lebenslauf mit Lichtbild, Zeugnisse) per E-Mail an <a href=\"mailto:application@ds-doha.de\">application@ds-doha.de<\/a>.<br \/>\nWeitere Informationen zur Deutschen Internationalen Schule Doha finden Sie hier auf www.ds-doha.de.<\/p>\n","protected":false},"excerpt":{"rendered":"<p>Please note: Most of our job offers are in the German Language, because they require German language knowledge Stellenausschreibung Schulsozialarbeiter\/in Die Deutsche Internationale Schule Doha wurde im Oktober 2008 mit 28 Sch\u00fclerinnen und Sch\u00fclern als deutsche Privatschule gegr\u00fcndet. Mit ihrer p\u00e4dagogischen und akademischen Qualit\u00e4t sowie ihrem multikulturellen Profil ist die Deutsche Internationale Schule Doha heute [&hellip;]<\/p>\n","protected":false},"author":22,"featured_media":25880,"parent":0,"menu_order":0,"comment_status":"closed","ping_status":"closed","template":"","meta":{"_genesis_hide_title":false,"_genesis_hide_breadcrumbs":false,"_genesis_hide_singular_image":false,"_genesis_hide_footer_widgets":false,"_genesis_custom_body_class":"","_genesis_custom_post_class":"","_genesis_layout":"","ngg_post_thumbnail":0,"footnotes":""},"class_list":{"0":"post-25882","1":"page","2":"type-page","3":"status-publish","4":"has-post-thumbnail","6":"entry"},"_links":{"self":[{"href":"https:\/\/www.ds-doha.de\/en\/wp-json\/wp\/v2\/pages\/25882","targetHints":{"allow":["GET"]}}],"collection":[{"href":"https:\/\/www.ds-doha.de\/en\/wp-json\/wp\/v2\/pages"}],"about":[{"href":"https:\/\/www.ds-doha.de\/en\/wp-json\/wp\/v2\/types\/page"}],"author":[{"embeddable":true,"href":"https:\/\/www.ds-doha.de\/en\/wp-json\/wp\/v2\/users\/22"}],"replies":[{"embeddable":true,"href":"https:\/\/www.ds-doha.de\/en\/wp-json\/wp\/v2\/comments?post=25882"}],"version-history":[{"count":1,"href":"https:\/\/www.ds-doha.de\/en\/wp-json\/wp\/v2\/pages\/25882\/revisions"}],"predecessor-version":[{"id":25883,"href":"https:\/\/www.ds-doha.de\/en\/wp-json\/wp\/v2\/pages\/25882\/revisions\/25883"}],"wp:featuredmedia":[{"embeddable":true,"href":"https:\/\/www.ds-doha.de\/en\/wp-json\/wp\/v2\/media\/25880"}],"wp:attachment":[{"href":"https:\/\/www.ds-doha.de\/en\/wp-json\/wp\/v2\/media?parent=25882"}],"curies":[{"name":"wp","href":"https:\/\/api.w.org\/{rel}","templated":true}]}}