{"id":23870,"date":"2019-09-23T14:13:37","date_gmt":"2019-09-23T11:13:37","guid":{"rendered":"https:\/\/www.ds-doha.de\/?page_id=23870"},"modified":"2020-04-21T10:23:36","modified_gmt":"2020-04-21T07:23:36","slug":"erzieher-in-40-wstd","status":"publish","type":"page","link":"https:\/\/www.ds-doha.de\/en\/erzieher-in-40-wstd\/","title":{"rendered":"Erzieher\/in 40 WStd."},"content":{"rendered":"<p><span style=\"color: #ff0000;\"><em>Please note: Most of our job offers are in the German Language, because they require German language knowledge<\/em><\/span><\/p>\n<p><strong>Stellenausschreibung Erzieher\/in 40 WStd. <\/strong><\/p>\n<p>Die Deutsche Internationale Schule Doha wurde im Oktober 2008 mit 28 Sch\u00fclerinnen und Sch\u00fclern als deutsche Privatschule gegr\u00fcndet. Mit ihrer p\u00e4dagogischen und akademischen Qualit\u00e4t sowie ihrem multikulturellen Profil ist die Deutsche Internationale Schule Doha heute einer der herausragenden Bildungseinrichtungen des Landes Katar. 350 Kinder und Jugendliche werden hier derzeit unterrichtet.<\/p>\n<p>Die Deutsche Internationale Schule Doha umfasst Kindergarten, Grundschule, Sekundarstufe I und Sekundarstufe II, mit dem Abschluss des Gemischtsprachigen International Baccalaureate\u00ae (GIB\u00ae). Sie geh\u00f6rt zum Netzwerk der 140 Deutschen Auslandsschulen (DAS), die von der Zentralstelle f\u00fcr das Auslandsschulwesen (ZfA) des Bundesverwaltungsamtes im Auftrag des Ausw\u00e4rtigen Amtes gef\u00f6rdert werden und wurde 2018 mit dem G\u00fctesiegel \u201cExzellente Deutsche Auslandsschule\u201c ausgezeichnet.<\/p>\n<p>Auf die Begegnung der Kulturen, die Mehrsprachigkeit der Sch\u00fclerinnen und Sch\u00fcler sowie deren individuelle F\u00f6rderung wird besonderer Wert gelegt.<\/p>\n<p><strong>T\u00e4tigkeitsprofil<\/strong><br \/>\n<strong>Erzieherin (DaF)<\/strong><\/p>\n<ul>\n<li>Sprachf\u00f6rderung f\u00fcr Kinder im Alter von drei bis sechs Jahren<\/li>\n<li>Einteilung der Sprachgrupppen in Absprache mit den Erziehern<\/li>\n<li>Erstellen von Arbeitsmaterialien (Spiele, Bildmaterial, Arbeitsbl\u00e4tter)<\/li>\n<li>Dokumentation der Lernfortschritte der Kinder<\/li>\n<li>Durchf\u00fchrung der Sprachstandserhebung<\/li>\n<li>Erstellung eines DaF-Stundenplanes in Absprache<\/li>\n<\/ul>\n<p><strong>Assistentin<\/strong><\/p>\n<ul>\n<li>Unterst\u00fctzung der Gruppenleitung bei der p\u00e4dagogischen Arbeit<\/li>\n<li>Betreuung und Beaufsichtigung der Kinder<\/li>\n<li>Unterst\u00fctzung bei der Bewegungserziehung und Sprachf\u00f6rderung<\/li>\n<li>Spiele, Mal- und Bastelarbeiten<\/li>\n<li>Unterst\u00fctzung bei Festen und Veranstaltungen<\/li>\n<\/ul>\n<p><strong>Anforderungsprofil<\/strong><\/p>\n<ul>\n<li>Abgeschlossene Ausbildung als Erzieherin \/ Bachelor in Elementarp\u00e4dagogik \/ Heil- oder Sonderp\u00e4dagogin<\/li>\n<li>DaF, DaZ Zusatzqualifikation von Vorteil<\/li>\n<li>exzellente Deutschkenntnisse<\/li>\n<li>Gute Englischkenntnisse<\/li>\n<li>Mehrj\u00e4hrige Berufserfahrung in einem Kindergarten<\/li>\n<li>Freude an der Arbeit mit Kindern<\/li>\n<li>Teamf\u00e4higkeit und Kooperationsbereitschaft<\/li>\n<li>Belastbarkeit und Verantwortungsbewusstsein<\/li>\n<li>Flexibilit\u00e4t<\/li>\n<li>Kommunikations- und Beratungskompetenz<\/li>\n<li>Interkulturelle Kompetenz<\/li>\n<li>Wille zur Weiterbildung<\/li>\n<\/ul>\n<p><strong>Arbeitsbeginn:<\/strong> voraussichtlich 18.08.2020<\/p>\n<p><strong>Bewerbungsverfahren<\/strong><br \/>\nBitte senden Sie bis sp\u00e4testens <strong>18.05.2020<\/strong> Ihre vollst\u00e4ndigen Bewerbungsunterlagen (Anschreiben, Lebenslauf mit Lichtbild, Zeugnisse) per E-Mail an <a href=\"mailto:application@ds-doha.de\">application@ds-doha.de<\/a>. Weitere Infos finden Sie hier auf unserer Homepage.<\/p>\n<p>&nbsp;<\/p>\n","protected":false},"excerpt":{"rendered":"<p>Please note: Most of our job offers are in the German Language, because they require German language knowledge Stellenausschreibung Erzieher\/in 40 WStd. Die Deutsche Internationale Schule Doha wurde im Oktober 2008 mit 28 Sch\u00fclerinnen und Sch\u00fclern als deutsche Privatschule gegr\u00fcndet. Mit ihrer p\u00e4dagogischen und akademischen Qualit\u00e4t sowie ihrem multikulturellen Profil ist die Deutsche Internationale Schule [&hellip;]<\/p>\n","protected":false},"author":22,"featured_media":23878,"parent":0,"menu_order":0,"comment_status":"closed","ping_status":"closed","template":"","meta":{"_genesis_hide_title":false,"_genesis_hide_breadcrumbs":false,"_genesis_hide_singular_image":false,"_genesis_hide_footer_widgets":false,"_genesis_custom_body_class":"","_genesis_custom_post_class":"","_genesis_layout":"","ngg_post_thumbnail":0,"footnotes":""},"class_list":{"0":"post-23870","1":"page","2":"type-page","3":"status-publish","4":"has-post-thumbnail","6":"entry"},"_links":{"self":[{"href":"https:\/\/www.ds-doha.de\/en\/wp-json\/wp\/v2\/pages\/23870","targetHints":{"allow":["GET"]}}],"collection":[{"href":"https:\/\/www.ds-doha.de\/en\/wp-json\/wp\/v2\/pages"}],"about":[{"href":"https:\/\/www.ds-doha.de\/en\/wp-json\/wp\/v2\/types\/page"}],"author":[{"embeddable":true,"href":"https:\/\/www.ds-doha.de\/en\/wp-json\/wp\/v2\/users\/22"}],"replies":[{"embeddable":true,"href":"https:\/\/www.ds-doha.de\/en\/wp-json\/wp\/v2\/comments?post=23870"}],"version-history":[{"count":5,"href":"https:\/\/www.ds-doha.de\/en\/wp-json\/wp\/v2\/pages\/23870\/revisions"}],"predecessor-version":[{"id":25867,"href":"https:\/\/www.ds-doha.de\/en\/wp-json\/wp\/v2\/pages\/23870\/revisions\/25867"}],"wp:featuredmedia":[{"embeddable":true,"href":"https:\/\/www.ds-doha.de\/en\/wp-json\/wp\/v2\/media\/23878"}],"wp:attachment":[{"href":"https:\/\/www.ds-doha.de\/en\/wp-json\/wp\/v2\/media?parent=23870"}],"curies":[{"name":"wp","href":"https:\/\/api.w.org\/{rel}","templated":true}]}}