{"id":22870,"date":"2019-04-22T07:34:28","date_gmt":"2019-04-22T04:34:28","guid":{"rendered":"https:\/\/www.ds-doha.de\/?page_id=22870"},"modified":"2019-04-25T09:30:03","modified_gmt":"2019-04-25T06:30:03","slug":"ok-bibliothekar-in","status":"publish","type":"page","link":"https:\/\/www.ds-doha.de\/en\/ok-bibliothekar-in\/","title":{"rendered":"OK Bibliothekarin"},"content":{"rendered":"<p>Die Deutsche Internationale Schule Doha wurde im Oktober 2008 mit 28 Sch\u00fclerinnen und Sch\u00fclern als deutsche Privatschule gegr\u00fcndet. Mit ihrer p\u00e4dagogischen und akademischen Qualit\u00e4t sowie ihrem multikulturellen Profil ist die Deutsche Internationale Schule Doha heute einer der herausragenden Bildungseinrichtungen des Landes Katar. 320 Kinder und Jugendliche werden hier unterrichtet.<\/p>\n<p>Die Deutsche Internationale Schule Doha umfasst Kindergarten, Grundschule, Sekundarstufe I und Sekundarstufe II, mit dem Abschluss des Gemischtsprachigen International Baccalaureate\u00ae (GIB\u00ae). Sie geh\u00f6rt zum Netzwerk der 140 Deutschen Auslandsschulen (DAS), die von der Zentralstelle f\u00fcr das Auslandsschulwesen (ZfA) des Bundesverwaltungsamtes im Auftrag des Ausw\u00e4rtigen Amtes gef\u00f6rdert werden und wurde 2018 mit dem G\u00fctesiegel \u201cExzellente Deutsche Auslandsschule\u201c ausgezeichnet.<\/p>\n<p>Auf die Begegnung der Kulturen, die Mehrsprachigkeit der Sch\u00fclerinnen und Sch\u00fcler sowie deren individuelle F\u00f6rderung wird besonderer Wert gelegt.<\/p>\n<p><strong>T\u00e4tigkeitsprofil<\/strong><\/p>\n<ul>\n<li>alle Aufgaben des bibliothekarischen Gesch\u00e4ftsganges (Zeitschriften- und Fortsetzungsverwaltung, technische Buch-Bearbeitung, Benutzung\/Ausleihe)<\/li>\n<li>ein weiterer Schwerpunkt ist die Recherche und Informationsvermittlung, die klassische Literaturrecherche im Printbestand der Bibliothek, im Internet und in einschl\u00e4gigen Fachdatenbanken<\/li>\n<\/ul>\n<p><strong>Zust\u00e4ndigkeiten<\/strong><\/p>\n<ul>\n<li>Bibliotheksorganisation und den Bibliotheksbetrieb<\/li>\n<li>Personal: F\u00fchrung, Instruktion, Verwaltung, F\u00f6rderung und Rekrutierung der ehrenamtlichen Mitarbeiter der Bibliothek<\/li>\n<\/ul>\n<p><strong>Anforderungsprofil<\/strong><\/p>\n<ul>\n<li>Bereits in Katar wohnhaft unter Sponsorship des Ehepartners<\/li>\n<li>Abgeschlossene bibliothekarische Ausbildung von Vorteil<\/li>\n<li>Organisationstalent, analytisches und systematisches Denkverm\u00f6gen, Verantwortungsbewusstsein<\/li>\n<li>Gute Kenntnisse der Prozesse und Abl\u00e4ufe einer Bibliothek sowie erhebliche Praxiskenntnis<\/li>\n<li>Sehr gute Sprachkenntnisse in Wort und Schrift in Deutsch und Englisch, Arabisch w\u00fcnschenswert<\/li>\n<li>Gute EDV-Kenntnisse, MS-Office, gute Kenntnisse in den g\u00e4ngigen Bibliothekssoftware-Programmen<\/li>\n<li>Didaktisches und p\u00e4dagogisches Geschick<\/li>\n<li>Loyalit\u00e4t, Verschwiegenheit und Ehrlichkeit<\/li>\n<li>Unregelm\u00e4\u00dfige Arbeitszeiten<\/li>\n<li>\u00dcberdurchschnittlicher Einsatz gefordert<\/li>\n<li>Wille zur Weiterbildung<\/li>\n<\/ul>\n<p><strong>Arbeitsbeginn:<\/strong> voraussichtlich 18.08.2019<\/p>\n<p><strong>Bewerbungsverfahren<\/strong><br \/>\nBitte senden Sie bis sp\u00e4testens 05.05.2019 Ihre vollst\u00e4ndigen Bewerbungsunterlagen (Anschreiben, Lebenslauf mit Lichtbild, Zeugnisse) per E-Mail an <a href=\"mailto:hr@ds-doha.de\">hr@ds-doha.de<\/a>, Frau \u00d6zlem G\u00fcn-Abusultan.<\/p>\n","protected":false},"excerpt":{"rendered":"<p>Die Deutsche Internationale Schule Doha wurde im Oktober 2008 mit 28 Sch\u00fclerinnen und Sch\u00fclern als deutsche Privatschule gegr\u00fcndet. Mit ihrer p\u00e4dagogischen und akademischen Qualit\u00e4t sowie ihrem multikulturellen Profil ist die Deutsche Internationale Schule Doha heute einer der herausragenden Bildungseinrichtungen des Landes Katar. 320 Kinder und Jugendliche werden hier unterrichtet. Die Deutsche Internationale Schule Doha umfasst [&hellip;]<\/p>\n","protected":false},"author":22,"featured_media":22867,"parent":0,"menu_order":0,"comment_status":"closed","ping_status":"closed","template":"","meta":{"_genesis_hide_title":false,"_genesis_hide_breadcrumbs":false,"_genesis_hide_singular_image":false,"_genesis_hide_footer_widgets":false,"_genesis_custom_body_class":"","_genesis_custom_post_class":"","_genesis_layout":"","ngg_post_thumbnail":0,"footnotes":""},"class_list":{"0":"post-22870","1":"page","2":"type-page","3":"status-publish","4":"has-post-thumbnail","6":"entry"},"_links":{"self":[{"href":"https:\/\/www.ds-doha.de\/en\/wp-json\/wp\/v2\/pages\/22870","targetHints":{"allow":["GET"]}}],"collection":[{"href":"https:\/\/www.ds-doha.de\/en\/wp-json\/wp\/v2\/pages"}],"about":[{"href":"https:\/\/www.ds-doha.de\/en\/wp-json\/wp\/v2\/types\/page"}],"author":[{"embeddable":true,"href":"https:\/\/www.ds-doha.de\/en\/wp-json\/wp\/v2\/users\/22"}],"replies":[{"embeddable":true,"href":"https:\/\/www.ds-doha.de\/en\/wp-json\/wp\/v2\/comments?post=22870"}],"version-history":[{"count":5,"href":"https:\/\/www.ds-doha.de\/en\/wp-json\/wp\/v2\/pages\/22870\/revisions"}],"predecessor-version":[{"id":22928,"href":"https:\/\/www.ds-doha.de\/en\/wp-json\/wp\/v2\/pages\/22870\/revisions\/22928"}],"wp:featuredmedia":[{"embeddable":true,"href":"https:\/\/www.ds-doha.de\/en\/wp-json\/wp\/v2\/media\/22867"}],"wp:attachment":[{"href":"https:\/\/www.ds-doha.de\/en\/wp-json\/wp\/v2\/media?parent=22870"}],"curies":[{"name":"wp","href":"https:\/\/api.w.org\/{rel}","templated":true}]}}