{"id":22347,"date":"2019-03-07T11:38:27","date_gmt":"2019-03-07T08:38:27","guid":{"rendered":"https:\/\/www.ds-doha.de\/?page_id=22347"},"modified":"2019-03-07T11:51:45","modified_gmt":"2019-03-07T08:51:45","slug":"teacher-assistant-full-time","status":"publish","type":"page","link":"https:\/\/www.ds-doha.de\/en\/teacher-assistant-full-time\/","title":{"rendered":"Teacher Assistant (Vollzeit)"},"content":{"rendered":"<p>Die Deutsche Internationale Schule Doha wurde im Oktober 2008 mit 28 Sch\u00fclerinnen und Sch\u00fclern als deutsche Privatschule gegr\u00fcndet. Mit ihrer p\u00e4dagogischen und akademischen Qualit\u00e4t sowie ihrem multikulturellen Profil ist die Deutsche Internationale Schule Doha heute einer der herausragenden Bildungseinrichtungen des Landes Katar. 320 Kinder und Jugendliche werden hier unterrichtet.<\/p>\n<p>Die Deutsche Internationale Schule Doha umfasst Kindergarten, Grundschule, Sekundarstufe I und Sekundarstufe II, mit dem Abschluss des Gemischtsprachigen International Baccalaureate\u00ae (GIB\u00ae). Sie geh\u00f6rt zum Netzwerk der 140 Deutschen Auslandsschulen (DAS), die von der Zentralstelle f\u00fcr das Auslandsschulwesen (ZfA) des Bundesverwaltungsamtes im Auftrag des Ausw\u00e4rtigen Amtes gef\u00f6rdert werden und wurde 2018 mit dem G\u00fctesiegel \u201cExzellente Deutsche Auslandsschule\u201c ausgezeichnet.<\/p>\n<p>Auf die Begegnung der Kulturen, die Mehrsprachigkeit der Sch\u00fclerinnen und Sch\u00fcler sowie deren individuelle F\u00f6rderung wird besonderer Wert gelegt.<\/p>\n<p><strong>Unsere Schule sucht eine\/n Teacher Assistant (Vollzeit, 40 Wstd.)<\/strong><\/p>\n<p><strong>T\u00e4tigkeitsprofil<\/strong><\/p>\n<ul>\n<li>Unterst\u00fctzung der Gruppenleitung bei der p\u00e4dagogischen Arbeit<\/li>\n<li>Betreuung und Beaufsichtigung der Kinder<\/li>\n<li>Unterst\u00fctzung bei der Bewegungserziehung und Sprachf\u00f6rderung<\/li>\n<li>Spiele, Mal- und Bastelarbeiten<\/li>\n<li>Unterst\u00fctzung bei Festen und Veranstaltungen<\/li>\n<\/ul>\n<p><strong>Anforderungsprofil<\/strong><\/p>\n<ul>\n<li>sehr gute Deutschkenntnisse<\/li>\n<li>bereits in Katar wohnhaft unter Sponsorship des Ehepartners<\/li>\n<li>Freude an der Arbeit mit Kindern<\/li>\n<li>Belastbarkeit und Verantwortungsbewusstsein<\/li>\n<li>Teamf\u00e4higkeit und Kooperationsbereitschaft<\/li>\n<li>Interkulturelle Kompetenz<\/li>\n<li>Wille zur Weiterbildung<\/li>\n<li>Flexibilit\u00e4t<\/li>\n<li>Erfahrungen in \u00e4hnlicher Position von Vorteil<\/li>\n<\/ul>\n<p><strong>Arbeitsbeginn:<\/strong> voraussichtlich 18.08.2018<\/p>\n<p><strong>Bewerbungsverfahren<\/strong><br \/>\nBitte senden Sie bis sp\u00e4testens 04.04.2019. Ihre vollst\u00e4ndigen Bewerbungsunterlagen (Anschreiben, Lebenslauf mit Lichtbild, Zeugnisse) per E-Mail an <a href=\"mailto:hr@ds-doha.de\">hr@ds-doha.de<\/a>, Frau \u00d6zlem G\u00fcn-Abusultan.<\/p>\n","protected":false},"excerpt":{"rendered":"<p>Die Deutsche Internationale Schule Doha wurde im Oktober 2008 mit 28 Sch\u00fclerinnen und Sch\u00fclern als deutsche Privatschule gegr\u00fcndet. Mit ihrer p\u00e4dagogischen und akademischen Qualit\u00e4t sowie ihrem multikulturellen Profil ist die Deutsche Internationale Schule Doha heute einer der herausragenden Bildungseinrichtungen des Landes Katar. 320 Kinder und Jugendliche werden hier unterrichtet. Die Deutsche Internationale Schule Doha umfasst [&hellip;]<\/p>\n","protected":false},"author":22,"featured_media":22345,"parent":0,"menu_order":0,"comment_status":"closed","ping_status":"closed","template":"","meta":{"_genesis_hide_title":false,"_genesis_hide_breadcrumbs":false,"_genesis_hide_singular_image":false,"_genesis_hide_footer_widgets":false,"_genesis_custom_body_class":"","_genesis_custom_post_class":"","_genesis_layout":"","ngg_post_thumbnail":0,"footnotes":""},"class_list":{"0":"post-22347","1":"page","2":"type-page","3":"status-publish","4":"has-post-thumbnail","6":"entry"},"_links":{"self":[{"href":"https:\/\/www.ds-doha.de\/en\/wp-json\/wp\/v2\/pages\/22347","targetHints":{"allow":["GET"]}}],"collection":[{"href":"https:\/\/www.ds-doha.de\/en\/wp-json\/wp\/v2\/pages"}],"about":[{"href":"https:\/\/www.ds-doha.de\/en\/wp-json\/wp\/v2\/types\/page"}],"author":[{"embeddable":true,"href":"https:\/\/www.ds-doha.de\/en\/wp-json\/wp\/v2\/users\/22"}],"replies":[{"embeddable":true,"href":"https:\/\/www.ds-doha.de\/en\/wp-json\/wp\/v2\/comments?post=22347"}],"version-history":[{"count":4,"href":"https:\/\/www.ds-doha.de\/en\/wp-json\/wp\/v2\/pages\/22347\/revisions"}],"predecessor-version":[{"id":22355,"href":"https:\/\/www.ds-doha.de\/en\/wp-json\/wp\/v2\/pages\/22347\/revisions\/22355"}],"wp:featuredmedia":[{"embeddable":true,"href":"https:\/\/www.ds-doha.de\/en\/wp-json\/wp\/v2\/media\/22345"}],"wp:attachment":[{"href":"https:\/\/www.ds-doha.de\/en\/wp-json\/wp\/v2\/media?parent=22347"}],"curies":[{"name":"wp","href":"https:\/\/api.w.org\/{rel}","templated":true}]}}