{"id":21557,"date":"2019-01-11T09:06:30","date_gmt":"2019-01-11T06:06:30","guid":{"rendered":"https:\/\/www.ds-doha.de\/?page_id=21557"},"modified":"2019-02-15T03:42:08","modified_gmt":"2019-02-15T00:42:08","slug":"olk-faecherkombi-erdkunde-und-sozialkunde","status":"publish","type":"page","link":"https:\/\/www.ds-doha.de\/en\/olk-faecherkombi-erdkunde-und-sozialkunde\/","title":{"rendered":"OLK F\u00e4cherkombi Erdkunde und Sozialkunde"},"content":{"rendered":"<p>Die Deutsche Internationale Schule Doha wurde im Oktober 2008 mit 28 Sch\u00fclerinnen und Sch\u00fclern als deutsche Privatschule gegr\u00fcndet. Mit ihrer p\u00e4dagogischen und akademischen Qualit\u00e4t sowie ihrem multikulturellen Profil ist die Deutsche Internationale Schule Doha heute einer der herausragenden Bildungseinrichtungen des Landes Katar. 320 Kinder und Jugendliche werden hier unterrichtet.<\/p>\n<p>Die Deutsche Internationale Schule Doha umfasst Kindergarten, Grundschule, Sekundarstufe I und Sekundarstufe II, mit dem Abschluss des Gemischtsprachigen International Baccalaureate\u00ae (GIB\u00ae). Sie geh\u00f6rt zum Netzwerk der 140 Deutschen Auslandsschulen (DAS), die von der Zentralstelle f\u00fcr das Auslandsschulwesen (ZfA) des Bundesverwaltungsamtes im Auftrag des Ausw\u00e4rtigen Amtes gef\u00f6rdert werden und wurde 2018 mit dem G\u00fctesiegel \u201cExzellente Deutsche Auslandsschule\u201c ausgezeichnet.<\/p>\n<p>Auf die Begegnung der Kulturen, die Mehrsprachigkeit der Sch\u00fclerinnen und Sch\u00fcler sowie deren individuelle F\u00f6rderung wird besonderer Wert gelegt.<\/p>\n<p><strong>T\u00e4tigkeitsprofil<\/strong><\/p>\n<ul>\n<li>Durchf\u00fchrung von Fachunterricht, ggf. Klassenleitung<\/li>\n<li>Aufstellen von Klassenregeln und deren Aufsicht<\/li>\n<li>Leistungsbewertung<\/li>\n<li>Durchf\u00fchrung von Elternabenden<\/li>\n<li>Mitwirkung bei der Repr\u00e4sentation der Schule nach au\u00dfen<\/li>\n<li>Besondere Verantwortung f\u00fcr die p\u00e4dagogischen und sozialen Belange von Sch\u00fclerinnen und Sch\u00fclern der eigenen Klasse<\/li>\n<li>Durchf\u00fchrung von Elternabenden<\/li>\n<li>Berichterstattung an die Schulleitung nach Aufforderung<\/li>\n<li>Austausch mit den Lehrkr\u00e4ften der Mittelstufe\/Grundschule sowie Fachschaften sowie gegenseitige Absprachen<\/li>\n<li>Initierung von Lernf\u00f6rderung von von Sch\u00fclerinnen und Sch\u00fclern der eigenen Klasse<\/li>\n<li>Leitung von Klassenkonferenzen<\/li>\n<li>Mitwirkung und Teilnahme bei Schulveranstaltung aller Art<\/li>\n<li>Zuarbeit bei der Erstellung von Zeugnissen<\/li>\n<li>Teilnahme an Konferenzen<\/li>\n<li>\u00dcbernahme von Vertretungsunterricht<\/li>\n<li>Beratung von Sch\u00fclern und Eltern \u00fcber die Schullaufbahn<\/li>\n<li>Konzeption, Durchf\u00fchrung und Korrektur von Lernerfolgskontrollen<\/li>\n<li>Durchf\u00fchrung von Aufsicht<\/li>\n<li>auch fachfremder Einsatz m\u00f6glich<\/li>\n<\/ul>\n<p><strong>Anforderungsprofil<\/strong><\/p>\n<ul>\n<li>Lehrbef\u00e4higung f\u00fcr die Sekundarstufe I oder II (2. Staatsexamen \/ Master mit Referendariat)<\/li>\n<li>Nachweis von einschl\u00e4gigen Fortbildungen erforderlich<\/li>\n<li>sehr gute Englischkenntnisse in Wort und Schrift<\/li>\n<li>interkulturelle Kompetenz<\/li>\n<li>Teamf\u00e4higkeit, Kooperationsbereitschaft und Konfliktf\u00e4higkeit<\/li>\n<li>\u00dcberdurchschnittliches Engagement auch \u00fcber die Schulzeit hinaus<\/li>\n<li>\u00dcbernahme von fachfremdem Unterricht bei Bedarf ist selbstverst\u00e4ndlich<\/li>\n<li>Verantwortungsbewusstsein und Belastbarkeit<\/li>\n<li>IB-Ausbildung von Vorteil<\/li>\n<li>DaF-Kenntnisse von Vorteil<\/li>\n<\/ul>\n<p><strong>Wir bieten<\/strong><\/p>\n<ul>\n<li>Arbeitsumfeld mit hohem Entwicklungspotenzial und Gestaltungsm\u00f6glichkeiten<\/li>\n<li>Arbeit in \u00fcberschaubaren Klassen mit einem motivierten und freundlichen Team<\/li>\n<li>M\u00f6glichkeit auf eigene Kosten zu schnuppern<\/li>\n<\/ul>\n<p>Die Schule befindet sich in der Hauptstadt Doha, in der sich die multikulturelle Moderne mit traditioneller arabischer Lebensweise auf angenehme Weise verbindet.<\/p>\n<p><strong>Arbeitsbeginn<\/strong>: voraussichtlich 18.08.2019<\/p>\n<p><strong>Bewerbungsverfahren<\/strong><br \/>\nBitte senden Sie bis sp\u00e4testens <strong>28.02.2019<\/strong>. Ihre vollst\u00e4ndigen Bewerbungsunterlagen (Anschreiben, Lebenslauf mit Lichtbild, Zeugnisse) per E-Mail an <a href=\"mailto:application@ds-doha.de\">application@ds-doha.de<\/a>.<\/p>\n","protected":false},"excerpt":{"rendered":"<p>Die Deutsche Internationale Schule Doha wurde im Oktober 2008 mit 28 Sch\u00fclerinnen und Sch\u00fclern als deutsche Privatschule gegr\u00fcndet. Mit ihrer p\u00e4dagogischen und akademischen Qualit\u00e4t sowie ihrem multikulturellen Profil ist die Deutsche Internationale Schule Doha heute einer der herausragenden Bildungseinrichtungen des Landes Katar. 320 Kinder und Jugendliche werden hier unterrichtet. Die Deutsche Internationale Schule Doha umfasst [&hellip;]<\/p>\n","protected":false},"author":22,"featured_media":21566,"parent":0,"menu_order":0,"comment_status":"closed","ping_status":"closed","template":"","meta":{"_genesis_hide_title":false,"_genesis_hide_breadcrumbs":false,"_genesis_hide_singular_image":false,"_genesis_hide_footer_widgets":false,"_genesis_custom_body_class":"","_genesis_custom_post_class":"","_genesis_layout":"","ngg_post_thumbnail":0,"footnotes":""},"class_list":{"0":"post-21557","1":"page","2":"type-page","3":"status-publish","4":"has-post-thumbnail","6":"entry"},"_links":{"self":[{"href":"https:\/\/www.ds-doha.de\/en\/wp-json\/wp\/v2\/pages\/21557","targetHints":{"allow":["GET"]}}],"collection":[{"href":"https:\/\/www.ds-doha.de\/en\/wp-json\/wp\/v2\/pages"}],"about":[{"href":"https:\/\/www.ds-doha.de\/en\/wp-json\/wp\/v2\/types\/page"}],"author":[{"embeddable":true,"href":"https:\/\/www.ds-doha.de\/en\/wp-json\/wp\/v2\/users\/22"}],"replies":[{"embeddable":true,"href":"https:\/\/www.ds-doha.de\/en\/wp-json\/wp\/v2\/comments?post=21557"}],"version-history":[{"count":5,"href":"https:\/\/www.ds-doha.de\/en\/wp-json\/wp\/v2\/pages\/21557\/revisions"}],"predecessor-version":[{"id":22162,"href":"https:\/\/www.ds-doha.de\/en\/wp-json\/wp\/v2\/pages\/21557\/revisions\/22162"}],"wp:featuredmedia":[{"embeddable":true,"href":"https:\/\/www.ds-doha.de\/en\/wp-json\/wp\/v2\/media\/21566"}],"wp:attachment":[{"href":"https:\/\/www.ds-doha.de\/en\/wp-json\/wp\/v2\/media?parent=21557"}],"curies":[{"name":"wp","href":"https:\/\/api.w.org\/{rel}","templated":true}]}}