{"id":21550,"date":"2019-01-11T08:55:04","date_gmt":"2019-01-11T05:55:04","guid":{"rendered":"https:\/\/www.ds-doha.de\/?page_id=21550"},"modified":"2019-02-15T04:08:52","modified_gmt":"2019-02-15T01:08:52","slug":"erzieher-in","status":"publish","type":"page","link":"https:\/\/www.ds-doha.de\/en\/erzieher-in\/","title":{"rendered":"OLK Erzieher\/in (Vollzeit, 40 Std.)"},"content":{"rendered":"<p>Die Deutsche Internationale Schule Doha wurde im Oktober 2008 mit 28 Sch\u00fclerinnen und Sch\u00fclern als deutsche Privatschule gegr\u00fcndet. Mit ihrer p\u00e4dagogischen und akademischen Qualit\u00e4t sowie ihrem multikulturellen Profil ist die Deutsche Internationale Schule Doha heute einer der herausragenden Bildungseinrichtungen des Landes Katar. 320 Kinder und Jugendliche werden hier unterrichtet.<\/p>\n<p>Die Deutsche Internationale Schule Doha umfasst Kindergarten, Grundschule, Sekundarstufe I und Sekundarstufe II, mit dem Abschluss des Gemischtsprachigen International Baccalaureate\u00ae (GIB\u00ae). Sie geh\u00f6rt zum Netzwerk der 140 Deutschen Auslandsschulen (DAS), die von der Zentralstelle f\u00fcr das Auslandsschulwesen (ZfA) des Bundesverwaltungsamtes im Auftrag des Ausw\u00e4rtigen Amtes gef\u00f6rdert werden und wurde 2018 mit dem G\u00fctesiegel \u201cExzellente Deutsche Auslandsschule\u201c ausgezeichnet.<\/p>\n<p>Auf die Begegnung der Kulturen, die Mehrsprachigkeit der Sch\u00fclerinnen und Sch\u00fcler sowie deren individuelle F\u00f6rderung wird besonderer Wert gelegt.<\/p>\n<p><strong>T\u00e4tigkeitsprofil<\/strong><\/p>\n<ul>\n<li>Gruppenleitung<\/li>\n<li>Arbeit nach dem Th\u00fcringer Bildungsplan f\u00fcr Kinder von 3-10 Jahren<\/li>\n<li>Vorbereitung und Planung der p\u00e4dagogischen Projektarbeit<\/li>\n<li>Erstellung von Jahres- und Wochenpl\u00e4nen<\/li>\n<li>Bewegungserziehung und Sprachf\u00f6rderung<\/li>\n<li>Durchf\u00fchrung von Elterngespr\u00e4chen<\/li>\n<li>Dokumentation und Ausf\u00fchrung von Kinderbeobachtungsb\u00f6gen<\/li>\n<\/ul>\n<p><strong>Anforderungsprofil<\/strong><\/p>\n<ul>\n<li>Abgeschlossene Ausbildung als Erzieher\/in \/ Bachelor in Elementarp\u00e4dagogik \/ Heil- oder Sonderp\u00e4dagoge, -p\u00e4dagogin<\/li>\n<li>Mehrj\u00e4hrige Berufserfahrung in einem Kindergarten<\/li>\n<li>Gute Englischkenntnisse<\/li>\n<li>DaF \/ DaZ Zusatzqualifikation von Vorteil<\/li>\n<li>Interkulturelle Kompetenz<\/li>\n<li>Teamf\u00e4higkeit und Kooperationsbereitschaft<\/li>\n<li>Verantwortungsbewusstsein, Belastbarkeit<\/li>\n<li>Kommunikations- und Beratungskompetenz<\/li>\n<li>Bereitschaft zur Entwicklung und Umsetzung zeitgem\u00e4\u00dfer p\u00e4dagogischer Konzepte, sowie zur Weiterbildung<\/li>\n<li>Flexibilit\u00e4t<\/li>\n<\/ul>\n<p><strong>Wir bieten<\/strong><\/p>\n<ul>\n<li>Arbeitsumfeld mit hohem Entwicklungspotenzial und Gestaltungsm\u00f6glichkeiten<\/li>\n<li>Arbeit mit einem motivierten und freundlichen Team<\/li>\n<li>M\u00f6glichkeit auf eigene Kosten zu schnuppern<\/li>\n<\/ul>\n<p>Die Schule befindet sich in der Hauptstadt Doha, in der sich die multikulturelle Moderne mit traditioneller arabischer Lebensweise auf angenehme Weise verbindet.<\/p>\n<p><strong>Arbeitsbeginn:<\/strong> voraussichtlich 18.08.2019<\/p>\n<p><strong>Bewerbungsverfahren<\/strong><br \/>\nBitte senden Sie bis sp\u00e4testens <strong>28. Februar 2019<\/strong> Ihre vollst\u00e4ndigen Bewerbungsunterlagen (Anschreiben, Lebenslauf mit Lichtbild, Zeugnisse) per E-Mail an <a href=\"mailto:application@ds-doha.de\">application@ds-doha.de<\/a>, Frau \u00d6zlem G\u00fcn-Abusultan.<\/p>\n","protected":false},"excerpt":{"rendered":"<p>Die Deutsche Internationale Schule Doha wurde im Oktober 2008 mit 28 Sch\u00fclerinnen und Sch\u00fclern als deutsche Privatschule gegr\u00fcndet. Mit ihrer p\u00e4dagogischen und akademischen Qualit\u00e4t sowie ihrem multikulturellen Profil ist die Deutsche Internationale Schule Doha heute einer der herausragenden Bildungseinrichtungen des Landes Katar. 320 Kinder und Jugendliche werden hier unterrichtet. Die Deutsche Internationale Schule Doha umfasst [&hellip;]<\/p>\n","protected":false},"author":22,"featured_media":21568,"parent":0,"menu_order":0,"comment_status":"closed","ping_status":"closed","template":"","meta":{"_genesis_hide_title":false,"_genesis_hide_breadcrumbs":false,"_genesis_hide_singular_image":false,"_genesis_hide_footer_widgets":false,"_genesis_custom_body_class":"","_genesis_custom_post_class":"","_genesis_layout":"","ngg_post_thumbnail":0,"footnotes":""},"class_list":{"0":"post-21550","1":"page","2":"type-page","3":"status-publish","4":"has-post-thumbnail","6":"entry"},"_links":{"self":[{"href":"https:\/\/www.ds-doha.de\/en\/wp-json\/wp\/v2\/pages\/21550","targetHints":{"allow":["GET"]}}],"collection":[{"href":"https:\/\/www.ds-doha.de\/en\/wp-json\/wp\/v2\/pages"}],"about":[{"href":"https:\/\/www.ds-doha.de\/en\/wp-json\/wp\/v2\/types\/page"}],"author":[{"embeddable":true,"href":"https:\/\/www.ds-doha.de\/en\/wp-json\/wp\/v2\/users\/22"}],"replies":[{"embeddable":true,"href":"https:\/\/www.ds-doha.de\/en\/wp-json\/wp\/v2\/comments?post=21550"}],"version-history":[{"count":5,"href":"https:\/\/www.ds-doha.de\/en\/wp-json\/wp\/v2\/pages\/21550\/revisions"}],"predecessor-version":[{"id":22176,"href":"https:\/\/www.ds-doha.de\/en\/wp-json\/wp\/v2\/pages\/21550\/revisions\/22176"}],"wp:featuredmedia":[{"embeddable":true,"href":"https:\/\/www.ds-doha.de\/en\/wp-json\/wp\/v2\/media\/21568"}],"wp:attachment":[{"href":"https:\/\/www.ds-doha.de\/en\/wp-json\/wp\/v2\/media?parent=21550"}],"curies":[{"name":"wp","href":"https:\/\/api.w.org\/{rel}","templated":true}]}}