{"id":20521,"date":"2018-12-07T04:03:33","date_gmt":"2018-12-07T01:03:33","guid":{"rendered":"https:\/\/www.ds-doha.de\/?page_id=20521"},"modified":"2020-03-04T11:35:29","modified_gmt":"2020-03-04T08:35:29","slug":"lehrkaftassistent","status":"publish","type":"page","link":"https:\/\/www.ds-doha.de\/en\/lehrkaftassistent\/","title":{"rendered":"Lehrkaftassistent\/in mit Studium"},"content":{"rendered":"<p><span style=\"color: #ff0000;\"><em>Please note: Most of our job offers are in the German Language, because they require German language knowledge<\/em><\/span><\/p>\n<p><strong>Lehrkraftassistent\/in mit Studium <\/strong><br \/>\n<em>(Befristung in der Regel auf 6 Monate)<\/em><\/p>\n<p>Die Deutsche Internationale Schule Doha wurde im Oktober 2008 mit 28 Sch\u00fclerinnen und Sch\u00fclern als deutsche Privatschule gegr\u00fcndet. Mit ihrer p\u00e4dagogischen und akademischen Qualit\u00e4t sowie ihrem multikulturellen Profil ist die Deutsche Internationale Schule Doha heute einer der herausragenden Bildungseinrichtungen des Landes Katar. 350 Kinder und Jugendliche werden hier derzeit unterrichtet.<\/p>\n<p>Die Deutsche Internationale Schule Doha umfasst Kindergarten, Grundschule, Sekundarstufe I und Sekundarstufe II, mit dem Abschluss des Gemischtsprachigen International Baccalaureate\u00ae (GIB\u00ae). Sie geh\u00f6rt zum Netzwerk der 140 Deutschen Auslandsschulen (DAS), die von der Zentralstelle f\u00fcr das Auslandsschulwesen (ZfA) des Bundesverwaltungsamtes im Auftrag des Ausw\u00e4rtigen Amtes gef\u00f6rdert werden und wurde 2018 mit dem G\u00fctesiegel \u201cExzellente Deutsche Auslandsschule\u201c ausgezeichnet.<\/p>\n<p>Auf die Begegnung der Kulturen, die Mehrsprachigkeit der Sch\u00fclerinnen und Sch\u00fcler sowie deren individuelle F\u00f6rderung wird besonderer Wert gelegt.<\/p>\n<p><strong>T\u00e4tigkeitsprofil<\/strong><\/p>\n<ul>\n<li>Durchf\u00fchrung von Aufsicht (alle Pausen), bei Lehrkraftassistenten mit dem Fach Sport kommt im Besonderen noch hinzu: Fortf\u00fchrung und Weiterf\u00fchrung des Bewegungskonzepts (Lauf zwischen den Klassen, Sporthallenregeln, Sicherheit im Sportunterricht, Entwicklung neuer Pausen-Spiel-Ideen, Anleitung von Bewegungsabl\u00e4ufen und des Trainings w\u00e4hrend der Pausen) und t\u00e4glich Wake up Shake up 07:40 bis 07:50 Uhr.<\/li>\n<li>Durchf\u00fchrung von Fachunterricht und dessen Vorbereitung nach R\u00fccksprache mit der Fachlehrkraft oder der Schulleitung<\/li>\n<li>Hospitation von Fachunterricht bzw. Mitwirkung bei der Durchf\u00fchrung von Unterrichtsstunden (Teamteaching)<\/li>\n<li>Konzeption von Klassenarbeiten in Absprache mit der Fachlehrkraft<\/li>\n<li>Mithilfe bei der Korrektur<\/li>\n<li>Leistungsbewertung von Sch\u00fclern in Absprache mit der Fachlehrkraft und der Schulleitung f\u00fcr einen begrenzten<\/li>\n<li>Zeitraum<\/li>\n<li>Einsatz auch im Kindergarten m\u00f6glich als Assistent einer Erzieherin \/ eines Erziehers<\/li>\n<li>Anwesenheit bei Elternabenden nach R\u00fccksprache<\/li>\n<li>Mitwirkung bei der Repr\u00e4sentation der Schule nach au\u00dfen und Mitwirkung bei Schulveranstaltungen aller Art<\/li>\n<li>Mitverantwortung f\u00fcr die p\u00e4dagogischen als auch sozialen Belange der Sch\u00fclerinnen und Sch\u00fcler<\/li>\n<li>Regelm\u00e4\u00dfige Berichterstattung \u00fcber die erledigten Arbeiten an die Schulleitung<\/li>\n<li>Mitwirkung bei und Teilnahme an Schulausfl\u00fcgen<\/li>\n<li>Teilnahme an Sitzungen<\/li>\n<li>\u00dcbernahme von Vertretungsunterricht, unabh\u00e4ngig vom studierten Fach<\/li>\n<li>Vollzeitstelle entspricht 40 Wochenstunden<\/li>\n<\/ul>\n<p><strong>Anforderungsprofil<\/strong><\/p>\n<ul>\n<li>Bachelorabschluss \/ 1. Staatsexamen oder mindestens Abschluss des 4. Fachsemesters<br \/>\nausgepr\u00e4gtes p\u00e4dagogisches Interesse f\u00fcr Kinder und Jugendliche<\/li>\n<li>Erfahrungen im au\u00dferunterrichtlichen p\u00e4dagogischen Aufgabenfeld<\/li>\n<li>Fachliche und fachdidaktische Kompetenz entsprechend dem Ausbildungsstand<\/li>\n<li>Engagement f\u00fcr die allgemeine p\u00e4dagogische Arbeit an der Schule<\/li>\n<li>Guter sprachlicher Ausdruck, Sprachkenntnisse in Englisch von Vorteil<\/li>\n<li>Gute EDV-Kenntnisse, MS-Office<\/li>\n<li>DaF Kenntnisse von Vorteil<\/li>\n<li>Loyalit\u00e4t, Verschwiegenheit und Ehrlichkeit<\/li>\n<\/ul>\n<p><strong>Wir bieten<\/strong><\/p>\n<ul>\n<li>Arbeitsumfeld mit hohem Entwicklungspotenzial und Gestaltungsm\u00f6glichkeiten<\/li>\n<li>Arbeit in \u00fcberschaubaren Klassen mit einem motivierten und freundlichen Team<\/li>\n<\/ul>\n<p>Die Schule befindet sich in der Hauptstadt Doha, in der sich die multikulturelle Moderne mit traditioneller arabischer Lebensweise auf angenehme Weise verbinden.<\/p>\n<p><strong>Arbeitsbeginn:<\/strong> voraussichtlich 18.08.2020<\/p>\n<p><strong>Bewerbungsverfahren<\/strong><br \/>\nBitte senden Sie bis sp\u00e4testens <strong>31.03.2020<\/strong>. Ihre vollst\u00e4ndigen Bewerbungsunterlagen (Anschreiben, Lebenslauf mit Lichtbild, Zeugnisse) per E-Mail an <a href=\"mailto:application@ds-doha.de\">application@ds-doha.de<\/a>, Frau \u00d6zlem G\u00fcn-Abusultan.<\/p>\n","protected":false},"excerpt":{"rendered":"<p>Please note: Most of our job offers are in the German Language, because they require German language knowledge Lehrkraftassistent\/in mit Studium (Befristung in der Regel auf 6 Monate) Die Deutsche Internationale Schule Doha wurde im Oktober 2008 mit 28 Sch\u00fclerinnen und Sch\u00fclern als deutsche Privatschule gegr\u00fcndet. Mit ihrer p\u00e4dagogischen und akademischen Qualit\u00e4t sowie ihrem multikulturellen [&hellip;]<\/p>\n","protected":false},"author":22,"featured_media":0,"parent":0,"menu_order":0,"comment_status":"closed","ping_status":"closed","template":"","meta":{"_genesis_hide_title":false,"_genesis_hide_breadcrumbs":false,"_genesis_hide_singular_image":false,"_genesis_hide_footer_widgets":false,"_genesis_custom_body_class":"","_genesis_custom_post_class":"","_genesis_layout":"","ngg_post_thumbnail":0,"footnotes":""},"class_list":{"0":"post-20521","1":"page","2":"type-page","3":"status-publish","5":"entry","6":"has-post-thumbnail"},"_links":{"self":[{"href":"https:\/\/www.ds-doha.de\/en\/wp-json\/wp\/v2\/pages\/20521","targetHints":{"allow":["GET"]}}],"collection":[{"href":"https:\/\/www.ds-doha.de\/en\/wp-json\/wp\/v2\/pages"}],"about":[{"href":"https:\/\/www.ds-doha.de\/en\/wp-json\/wp\/v2\/types\/page"}],"author":[{"embeddable":true,"href":"https:\/\/www.ds-doha.de\/en\/wp-json\/wp\/v2\/users\/22"}],"replies":[{"embeddable":true,"href":"https:\/\/www.ds-doha.de\/en\/wp-json\/wp\/v2\/comments?post=20521"}],"version-history":[{"count":5,"href":"https:\/\/www.ds-doha.de\/en\/wp-json\/wp\/v2\/pages\/20521\/revisions"}],"predecessor-version":[{"id":25514,"href":"https:\/\/www.ds-doha.de\/en\/wp-json\/wp\/v2\/pages\/20521\/revisions\/25514"}],"wp:attachment":[{"href":"https:\/\/www.ds-doha.de\/en\/wp-json\/wp\/v2\/media?parent=20521"}],"curies":[{"name":"wp","href":"https:\/\/api.w.org\/{rel}","templated":true}]}}