{"id":14451,"date":"2018-04-18T09:46:45","date_gmt":"2018-04-18T06:46:45","guid":{"rendered":"http:\/\/www.ds-doha.de\/?page_id=14451"},"modified":"2018-04-19T05:16:58","modified_gmt":"2018-04-19T02:16:58","slug":"assistant-teacher-full-time-2","status":"publish","type":"page","link":"https:\/\/www.ds-doha.de\/en\/assistant-teacher-full-time-2\/","title":{"rendered":"Assistant Teacher (Full-time)"},"content":{"rendered":"<p>Die Deutsche Internationale Schule Doha wurde im Oktober 2008 mit 28 Sch\u00fclerinnen und Sch\u00fclern als deutsche Privatschule gegr\u00fcndet, ist aktuell auf ca. 300 Sch\u00fcler angewachsen und umfasst den Kindergarten, die Grundschule, die Sek. I und seit dem Schuljahr 2016\/17 die Sek. II, die es erm\u00f6glicht eine Hochschulzugangsberechtigung mit dem International Baccalaureate (GIB) zu erlangen. Die Deutsche Internationale Schule Doha geh\u00f6rt zum Netzwerk der 140 Deutschen Auslandsschulen (DAS), die von der Zentralstelle f\u00fcr das Auslandsschulwesen (ZfA) des Bundesverwaltungsamtes im Auftrag des Ausw\u00e4rtigen Amtes gef\u00f6rdert werden.\u2028 Wir legen Wert auf die individuelle F\u00f6rderung und Mehrsprachigkeit unserer Sch\u00fclerinnen und Sch\u00fcler sowie auf die Begegnung der Kulturen.<\/p>\n<p><strong>T\u00e4tigkeitsprofil<\/strong><\/p>\n<ul>\n<li>Unterst\u00fctzung der Gruppenleitung bei der p\u00e4dagogischen Arbeit<\/li>\n<li>Betreuung und Beaufsichtigung der Kinder<\/li>\n<li>Unterst\u00fctzung bei der Bewegungserziehung und Sprachf\u00f6rderung<\/li>\n<li>Spiele, Mal- und Bastelarbeiten<\/li>\n<li>Unterst\u00fctzung bei Festen und Veranstaltungen<\/li>\n<\/ul>\n<p><strong>Anforderungsprofil<\/strong><\/p>\n<ul>\n<li>Freude an der Arbeit mit Kindern<\/li>\n<li>sehr gute Deutschkenntnisse<\/li>\n<li>Belastbarkeit und Verantwortungsbewusstsein<\/li>\n<li>Teamf\u00e4higkeit und Kooperationsbereitschaft<\/li>\n<li>Interkulturelle Kompetenz<\/li>\n<li>Wille zur Weiterbildung<\/li>\n<li>Flexibilit\u00e4t<\/li>\n<li>Erfahrungen in \u00e4hnlicher Position von Vorteil<\/li>\n<li>bereits in Katar wohnhaft unter Sponsorship des Ehepartners<\/li>\n<\/ul>\n<p><strong>Arbeitsbeginn<\/strong>: voraussichtlich <strong>26.08.2018<\/strong><\/p>\n<p><strong>Bewerbungsverfahren:<\/strong> \u2028Bitte senden Sie Ihre vollst\u00e4ndigen Bewerbungsunterlagen (Anschreiben, Lebenslauf mit Lichtbild, Zeugnisse) per E-Mail an <a href=\"mailto:hr@ds-doha.de\">hr@ds-doha.de<\/a>, Frau \u00d6zlem G\u00fcn-Abusultan.<\/p>\n","protected":false},"excerpt":{"rendered":"<p>Die Deutsche Internationale Schule Doha wurde im Oktober 2008 mit 28 Sch\u00fclerinnen und Sch\u00fclern als deutsche Privatschule gegr\u00fcndet, ist aktuell auf ca. 300 Sch\u00fcler angewachsen und umfasst den Kindergarten, die Grundschule, die Sek. I und seit dem Schuljahr 2016\/17 die Sek. II, die es erm\u00f6glicht eine Hochschulzugangsberechtigung mit dem International Baccalaureate (GIB) zu erlangen. Die [&hellip;]<\/p>\n","protected":false},"author":22,"featured_media":14445,"parent":0,"menu_order":0,"comment_status":"closed","ping_status":"closed","template":"","meta":{"_genesis_hide_title":false,"_genesis_hide_breadcrumbs":false,"_genesis_hide_singular_image":false,"_genesis_hide_footer_widgets":false,"_genesis_custom_body_class":"","_genesis_custom_post_class":"","_genesis_layout":"","ngg_post_thumbnail":0,"footnotes":""},"class_list":{"0":"post-14451","1":"page","2":"type-page","3":"status-publish","4":"has-post-thumbnail","6":"entry"},"_links":{"self":[{"href":"https:\/\/www.ds-doha.de\/en\/wp-json\/wp\/v2\/pages\/14451","targetHints":{"allow":["GET"]}}],"collection":[{"href":"https:\/\/www.ds-doha.de\/en\/wp-json\/wp\/v2\/pages"}],"about":[{"href":"https:\/\/www.ds-doha.de\/en\/wp-json\/wp\/v2\/types\/page"}],"author":[{"embeddable":true,"href":"https:\/\/www.ds-doha.de\/en\/wp-json\/wp\/v2\/users\/22"}],"replies":[{"embeddable":true,"href":"https:\/\/www.ds-doha.de\/en\/wp-json\/wp\/v2\/comments?post=14451"}],"version-history":[{"count":4,"href":"https:\/\/www.ds-doha.de\/en\/wp-json\/wp\/v2\/pages\/14451\/revisions"}],"predecessor-version":[{"id":14462,"href":"https:\/\/www.ds-doha.de\/en\/wp-json\/wp\/v2\/pages\/14451\/revisions\/14462"}],"wp:featuredmedia":[{"embeddable":true,"href":"https:\/\/www.ds-doha.de\/en\/wp-json\/wp\/v2\/media\/14445"}],"wp:attachment":[{"href":"https:\/\/www.ds-doha.de\/en\/wp-json\/wp\/v2\/media?parent=14451"}],"curies":[{"name":"wp","href":"https:\/\/api.w.org\/{rel}","templated":true}]}}