{"id":10734,"date":"2017-01-16T17:15:02","date_gmt":"2017-01-16T13:15:02","guid":{"rendered":"http:\/\/www.ds-doha.de\/en\/stellenausschreibung-assistant-teacher\/"},"modified":"2017-01-16T17:43:06","modified_gmt":"2017-01-16T13:43:06","slug":"stellenausschreibung-assistant-teacher","status":"publish","type":"page","link":"https:\/\/www.ds-doha.de\/en\/stellenausschreibung-assistant-teacher\/","title":{"rendered":"Assistant Teacher"},"content":{"rendered":"<h3>Assistant Teacher<br \/>\nVollzeitstelle (40 WStd.)<\/h3>\n<p>Die Deutsche Internationale Schule Doha mit Kindergarten geh\u00f6rt zum Netzwerk der 140 Deutschen Auslandsschulen (DAS), die von der Zentralstelle f\u00fcr das Auslandsschulwesen (ZfA) des Bundesverwaltungsamtes im Auftrag des Ausw\u00e4rtigen Amtes gef\u00f6rdert werden. Von Kuala Lumpur bis Kiew, von Toronto bis Tokio legen Deutsche Auslandsschulen Wert auf die individuelle F\u00f6rderung und Mehrsprachigkeit ihrer Sch\u00fclerinnen und Sch\u00fcler sowie auf Begegnung der Kulturen. Die Vielfalt an Kulturen wird in den Reihen der Kinder, Jugendlichen und der Lehrerschaft abgebildet. Von der Bundesrepublik Deutschland gef\u00f6rdert und mit qualifiziertem Lehrpersonal ausgestattet, erhalten die Sch\u00fclerinnen und Sch\u00fcler der Deutschen Schulen im Ausland eine bilinguale Ausbildung.<\/p>\n<p><strong>Ihre Aufgaben<\/strong><\/p>\n<ul>\n<li>Unterst\u00fctzung der Gruppenleitung bei der p\u00e4dagogischen Arbeit<\/li>\n<li>Betreuung und Beaufsichtigung der Kinder<\/li>\n<li>Unterst\u00fctzung bei der Bewegungserziehung und Sprachf\u00f6rderung<\/li>\n<li>Spiele, Mal- und Bastelarbeiten<\/li>\n<\/ul>\n<p><strong>Anforderungsrofil<\/strong><\/p>\n<ul>\n<li>Freude an der Arbeit mit Kindern<\/li>\n<li>Sehr gute Deutschkenntnisse<\/li>\n<li>Belastbarkeit und Verantwortungsbewusstsein<\/li>\n<li>Teamf\u00e4higkeit und Kooperationsbereitschaft<\/li>\n<li>Interkulturelle Kompetenz<\/li>\n<li>Wille zur Weiterbildung<\/li>\n<li>Flexibilit\u00e4t<\/li>\n<li>Erfahrungen in \u00e4hnlicher Position von Vorteil<\/li>\n<li>Bereits in Katar wohnhaft unter Sponsorship des Ehepartners<\/li>\n<\/ul>\n<p><strong>Arbeitsbeginn<\/strong>: 20.08.2017<\/p>\n<p><strong>Bewerbungsverfahren<br \/>\n<\/strong>Bitte senden Sie Ihre vollst\u00e4ndigen Bewerbungsunterlagen (Anschreiben, Lebenslauf mit Lichtbild, Zeugnisse) bis 13. Februar 2017 per E-Mail an <a href=\"mailto:hr@ds-doha.de\" target=\"_blank\">hr@ds-doha.de<\/a>, Frau G\u00fcn-Abusultan<\/p>\n<h5><em>Bildillustration: Designed by Olga_spb &#8211; Freepik.com<\/em><\/h5>\n<p>16.01.2017<\/p>\n","protected":false},"excerpt":{"rendered":"<p>Assistant Teacher Vollzeitstelle (40 WStd.) Die Deutsche Internationale Schule Doha mit Kindergarten geh\u00f6rt zum Netzwerk der 140 Deutschen Auslandsschulen (DAS), die von der Zentralstelle f\u00fcr das Auslandsschulwesen (ZfA) des Bundesverwaltungsamtes im Auftrag des Ausw\u00e4rtigen Amtes gef\u00f6rdert werden. Von Kuala Lumpur bis Kiew, von Toronto bis Tokio legen Deutsche Auslandsschulen Wert auf die individuelle F\u00f6rderung und [&hellip;]<\/p>\n","protected":false},"author":22,"featured_media":0,"parent":0,"menu_order":0,"comment_status":"closed","ping_status":"closed","template":"","meta":{"_genesis_hide_title":false,"_genesis_hide_breadcrumbs":false,"_genesis_hide_singular_image":false,"_genesis_hide_footer_widgets":false,"_genesis_custom_body_class":"","_genesis_custom_post_class":"","_genesis_layout":"","ngg_post_thumbnail":0,"footnotes":""},"class_list":{"0":"post-10734","1":"page","2":"type-page","3":"status-publish","5":"entry"},"_links":{"self":[{"href":"https:\/\/www.ds-doha.de\/en\/wp-json\/wp\/v2\/pages\/10734","targetHints":{"allow":["GET"]}}],"collection":[{"href":"https:\/\/www.ds-doha.de\/en\/wp-json\/wp\/v2\/pages"}],"about":[{"href":"https:\/\/www.ds-doha.de\/en\/wp-json\/wp\/v2\/types\/page"}],"author":[{"embeddable":true,"href":"https:\/\/www.ds-doha.de\/en\/wp-json\/wp\/v2\/users\/22"}],"replies":[{"embeddable":true,"href":"https:\/\/www.ds-doha.de\/en\/wp-json\/wp\/v2\/comments?post=10734"}],"version-history":[{"count":2,"href":"https:\/\/www.ds-doha.de\/en\/wp-json\/wp\/v2\/pages\/10734\/revisions"}],"predecessor-version":[{"id":10740,"href":"https:\/\/www.ds-doha.de\/en\/wp-json\/wp\/v2\/pages\/10734\/revisions\/10740"}],"wp:attachment":[{"href":"https:\/\/www.ds-doha.de\/en\/wp-json\/wp\/v2\/media?parent=10734"}],"curies":[{"name":"wp","href":"https:\/\/api.w.org\/{rel}","templated":true}]}}